{"id":6803,"date":"2022-05-13T22:49:26","date_gmt":"2022-05-14T02:49:26","guid":{"rendered":"https:\/\/sevenseaswater.com\/thank-you-contact\/"},"modified":"2025-06-25T11:53:16","modified_gmt":"2025-06-25T15:53:16","slug":"gracias-contacto","status":"publish","type":"page","link":"https:\/\/sevenseaswater.com\/es\/gracias-contacto\/","title":{"rendered":"\u00a1Gracias por ponerse en contacto con Seven Seas!"},"content":{"rendered":"<p>[et_pb_section fb_built=&#8221;1&#8243; _builder_version=&#8221;4.17.3&#8243; _module_preset=&#8221;default&#8221; use_background_color_gradient=&#8221;on&#8221; background_color_gradient_stops=&#8221;#ffffff 0%|#ddf9ff 52%|#ffffff 100%&#8221; custom_padding=&#8221;10px||10px||true|false&#8221; global_colors_info=&#8221;{}&#8221;][et_pb_row custom_padding_last_edited=&#8221;on|phone&#8221; _builder_version=&#8221;4.17.4&#8243; _module_preset=&#8221;default&#8221; width_tablet=&#8221;&#8221; width_phone=&#8221;90%&#8221; width_last_edited=&#8221;on|phone&#8221; custom_padding_tablet=&#8221;&#8221; custom_padding_phone=&#8221;0px||0px||true|false&#8221; global_colors_info=&#8221;{}&#8221;][et_pb_column type=&#8221;4_4&#8243; _builder_version=&#8221;4.17.3&#8243; _module_preset=&#8221;default&#8221; global_colors_info=&#8221;{}&#8221;][et_pb_code _builder_version=&#8221;4.27.4&#8243; _module_preset=&#8221;default&#8221; hover_enabled=&#8221;0&#8243; global_colors_info=&#8221;{}&#8221; sticky_enabled=&#8221;0&#8243;]<script data-cookieconsent=\"statistics\"><!-- [et_pb_line_break_holder] -->gtag('event', 'conversion', {'send_to': 'AW-17211190391\/ELm9CKbR290aEPfY945A'});<!-- [et_pb_line_break_holder] --><\/script>[\/et_pb_code][et_pb_text _builder_version=&#8221;4.22.1&#8243; _module_preset=&#8221;default&#8221; header_text_color=&#8221;#191919&#8243; header_letter_spacing=&#8221;-1.15px&#8221; header_2_letter_spacing=&#8221;1px&#8221; header_3_font_size=&#8221;26px&#8221; header_3_line_height=&#8221;1.3em&#8221; header_font_size_tablet=&#8221;64px&#8221; global_colors_info=&#8221;{}&#8221;]<\/p>\n<h3>Gracias por comunicarse. Un miembro de nuestro equipo se pondr\u00e1 en contacto con usted en breve. Mientras tanto, eche un vistazo a nuestras \u00faltimas publicaciones de blog y recursos de gesti\u00f3n del agua que se ven a continuaci\u00f3n&#8230;<\/h3>\n<p>[\/et_pb_text][\/et_pb_column][\/et_pb_row][et_pb_row _builder_version=&#8221;4.17.4&#8243; _module_preset=&#8221;default&#8221; width_tablet=&#8221;&#8221; width_phone=&#8221;90%&#8221; width_last_edited=&#8221;on|phone&#8221; global_colors_info=&#8221;{}&#8221;][et_pb_column type=&#8221;4_4&#8243; _builder_version=&#8221;4.17.3&#8243; _module_preset=&#8221;default&#8221; global_colors_info=&#8221;{}&#8221;][et_pb_blog fullwidth=&#8221;off&#8221; posts_number=&#8221;9&#8243; include_categories=&#8221;1&#8243; show_author=&#8221;off&#8221; show_date=&#8221;off&#8221; show_categories=&#8221;off&#8221; use_overlay=&#8221;on&#8221; overlay_icon_color=&#8221;RGBA(255,255,255,0)&#8221; hover_overlay_color=&#8221;RGBA(255,255,255,0)&#8221; disabled_on=&#8221;off|off|off&#8221; _builder_version=&#8221;4.17.4&#8243; _module_preset=&#8221;default&#8221; header_font=&#8221;AktivGrotesk-Bold||||||||&#8221; header_text_color=&#8221;#0071A6&#8243; header_line_height=&#8221;1.22em&#8221; body_text_color=&#8221;#191919&#8243; body_font_size=&#8221;14px&#8221; body_line_height=&#8221;1.43em&#8221; display_conditions=&#8221;W10=&#8221; border_radii=&#8221;on|24px|24px|24px|24px&#8221; border_width_all=&#8221;0px&#8221; box_shadow_style=&#8221;preset2&#8243; box_shadow_horizontal=&#8221;0px&#8221; box_shadow_vertical=&#8221;8px&#8221; box_shadow_blur=&#8221;24px&#8221; box_shadow_color=&#8221;rgba(0,0,0,0.08)&#8221; locked=&#8221;off&#8221; global_colors_info=&#8221;{}&#8221;][\/et_pb_blog][\/et_pb_column][\/et_pb_row][\/et_pb_section][et_pb_section fb_built=&#8221;1&#8243; custom_padding_last_edited=&#8221;on|phone&#8221; _builder_version=&#8221;4.17.3&#8243; _module_preset=&#8221;default&#8221; use_background_color_gradient=&#8221;on&#8221; background_color_gradient_stops=&#8221;#ffffff 0%|rgba(255,255,255,0) 100%&#8221; background_image=&#8221;<a href=\"https:\/\/sevenseaswater.com\/wp-content\/uploads\/2022\/05\/newsletter-background-image.jpg&#038;#8221\">https:\/\/sevenseaswater.com\/wp-content\/uploads\/2022\/05\/newsletter-background-image.jpg&#038;#8221<\/a>; background_blend=&#8221;overlay&#8221; custom_padding=&#8221;55px||82px||false|false&#8221; custom_padding_tablet=&#8221;55px||82px||false|false&#8221; custom_padding_phone=&#8221;0px||32px||false|false&#8221; global_colors_info=&#8221;{}&#8221;][et_pb_row column_structure=&#8221;1_2,1_2&#8243; make_equal=&#8221;on&#8221; custom_padding_last_edited=&#8221;on|phone&#8221; _builder_version=&#8221;4.17.3&#8243; _module_preset=&#8221;default&#8221; width_tablet=&#8221;&#8221; width_phone=&#8221;100%&#8221; width_last_edited=&#8221;on|phone&#8221; custom_padding=&#8221;||85px||false|false&#8221; custom_padding_tablet=&#8221;||85px||false|false&#8221; custom_padding_phone=&#8221;|16px|32px|16px|false|true&#8221; global_colors_info=&#8221;{}&#8221;][et_pb_column type=&#8221;1_2&#8243; _builder_version=&#8221;4.17.1&#8243; _module_preset=&#8221;default&#8221; global_colors_info=&#8221;{}&#8221;][et_pb_image src=&#8221;<a href=\"https:\/\/sevenseaswater.com\/wp-content\/uploads\/2022\/05\/We-Deliver.svg&#038;#8221\">https:\/\/sevenseaswater.com\/wp-content\/uploads\/2022\/05\/We-Deliver.svg&#038;#8221<\/a>; title_text=&#8221;We-Deliver&#8221; show_bottom_space=&#8221;off&#8221; force_fullwidth=&#8221;on&#8221; _builder_version=&#8221;4.17.3&#8243; _module_preset=&#8221;default&#8221; locked=&#8221;off&#8221; global_colors_info=&#8221;{}&#8221;][\/et_pb_image][\/et_pb_column][et_pb_column type=&#8221;1_2&#8243; module_class=&#8221;ds-vertical-align&#8221; _builder_version=&#8221;4.17.1&#8243; _module_preset=&#8221;default&#8221; global_colors_info=&#8221;{}&#8221;][et_pb_text module_class=&#8221;aktiv-grotesk-medium&#8221; _builder_version=&#8221;4.17.3&#8243; _module_preset=&#8221;default&#8221; text_text_color=&#8221;#191919&#8243; text_line_height=&#8221;1.5em&#8221; text_orientation_tablet=&#8221;&#8221; text_orientation_phone=&#8221;center&#8221; text_orientation_last_edited=&#8221;on|phone&#8221; global_colors_info=&#8221;{}&#8221;]<\/p>\n<p>Seven Seas Water Group and its affiliates are dedicated to protecting our team members and the environment where we work, live, and operate. See what we\u2019re doing to meet U.N. Sustainable Development Goals and achieve carbon net-zero status.<\/p>\n<p>[\/et_pb_text][et_pb_button button_url=&#8221;<a href=\"https:\/\/sevenseaswater.com\/sustainability\/&#038;#8221\">https:\/\/sevenseaswater.com\/sustainability\/&#038;#8221<\/a>; button_text=&#8221;Learn more&#8221; button_alignment_tablet=&#8221;&#8221; button_alignment_phone=&#8221;center&#8221; button_alignment_last_edited=&#8221;on|phone&#8221; _builder_version=&#8221;4.17.3&#8243; _module_preset=&#8221;default&#8221; custom_button=&#8221;on&#8221; button_text_color=&#8221;#001648&#8243; button_use_icon=&#8221;off&#8221; global_colors_info=&#8221;{}&#8221; button_bg_color__hover_enabled=&#8221;on|hover&#8221; button_bg_color__hover=&#8221;#0071a6&#8243; button_bg_enable_color__hover=&#8221;on&#8221; button_border_color__hover_enabled=&#8221;on|hover&#8221; button_border_color__hover=&#8221;#0071a6&#8243; button_text_color__hover_enabled=&#8221;on|hover&#8221; button_text_color__hover=&#8221;#FFFFFF&#8221; custom_css_main_element_last_edited=&#8221;on|phone&#8221; custom_css_main_element_phone=&#8221;width:100%;&#8221;][\/et_pb_button][\/et_pb_column][\/et_pb_row][et_pb_row custom_padding_last_edited=&#8221;on|tablet&#8221; _builder_version=&#8221;4.17.3&#8243; _module_preset=&#8221;default&#8221; background_color=&#8221;rgba(255,255,255,0.76)&#8221; width=&#8221;900px&#8221; width_tablet=&#8221;80%&#8221; width_phone=&#8221;90%&#8221; width_last_edited=&#8221;on|tablet&#8221; custom_padding=&#8221;47px|80px|75px|80px|false|true&#8221; custom_padding_tablet=&#8221;47px|20px|75px|20px|false|true&#8221; custom_padding_phone=&#8221;47px|28px|75px|28px|false|true&#8221; border_radii=&#8221;on|8px|8px|8px|8px&#8221; global_colors_info=&#8221;{}&#8221;][et_pb_column type=&#8221;4_4&#8243; _builder_version=&#8221;4.17.1&#8243; _module_preset=&#8221;default&#8221; global_colors_info=&#8221;{}&#8221;][et_pb_text module_class=&#8221;aktiv-grotesk&#8221; _builder_version=&#8221;4.17.3&#8243; _module_preset=&#8221;default&#8221; text_text_color=&#8221;#191919&#8243; header_text_align=&#8221;center&#8221; header_font_size=&#8221;40px&#8221; header_3_text_align=&#8221;center&#8221; text_orientation=&#8221;center&#8221; custom_margin=&#8221;||||false|false&#8221; custom_margin_tablet=&#8221;||||false|false&#8221; custom_margin_phone=&#8221;||0px||false|false&#8221; custom_margin_last_edited=&#8221;on|phone&#8221; custom_padding=&#8221;||32px||false|false&#8221; custom_padding_tablet=&#8221;||32px||false|false&#8221; custom_padding_phone=&#8221;||16px||false|false&#8221; custom_padding_last_edited=&#8221;on|phone&#8221; text_line_height_tablet=&#8221;1.6em&#8221; text_line_height_phone=&#8221;1.3em&#8221; text_line_height_last_edited=&#8221;on|phone&#8221; header_font_size_tablet=&#8221;40px&#8221; header_font_size_phone=&#8221;22px&#8221; global_colors_info=&#8221;{}&#8221;]<\/p>\n<h1>Con\u00e9ctese con Seven Seas Water Group<\/h1>\n<p>Reg\u00edstrese para recibir las \u00faltimas noticias y tendencias en producci\u00f3n de agua y tratamiento de efluentes.[\/et_pb_text][et_pb_contact_form captcha=&#8221;off&#8221; email=&#8221;info@sevenseaswater.com&#8221; success_message=&#8221;Thank you! Your submission has been received.&#8221; disabled_on=&#8221;on|off|off&#8221; admin_label=&#8221;Desktop Contact&#8221; module_class=&#8221;singlelineform&#8221; _builder_version=&#8221;4.17.4&#8243; _module_preset=&#8221;default&#8221; _unique_id=&#8221;1f734daf-9cea-4fc6-8a53-ea83540ff8e2&#8243; form_field_background_color=&#8221;#f7f7f7&#8243; custom_button=&#8221;on&#8221; button_bg_color=&#8221;#0071a6&#8243; button_border_color=&#8221;#0071a6&#8243; button_border_radius=&#8221;48px&#8221; button_use_icon=&#8221;off&#8221; button_custom_padding=&#8221;0.2em|1em|0.2em|1em|true|true&#8221; custom_css_main_element=&#8221;width:100%;||margin:0 auto 0 auto !important;||float:left;||Clear: none !important;||height:48px !important;&#8221; custom_css_contact_button=&#8221;float:left !important;||margin:0 0 0 -25px !important;||height:48px !important;&#8221; border_radii=&#8221;off|56px|||56px&#8221; border_width_all=&#8221;1px&#8221; border_color_all=&#8221;#c9c9c9&#8243; global_colors_info=&#8221;{}&#8221; button_bg_color__hover_enabled=&#8221;on|hover&#8221; button_bg_color__hover=&#8221;#001648&#8243; button_bg_enable_color__hover=&#8221;on&#8221; button_border_color__hover_enabled=&#8221;on|hover&#8221; button_border_color__hover=&#8221;#001648&#8243;][et_pb_contact_field field_id=&#8221;Email&#8221; field_title=&#8221;Email Address&#8221; field_type=&#8221;email&#8221; _builder_version=&#8221;4.17.3&#8243; background_color=&#8221;rgba(0,0,0,0)&#8221; background_enable_color=&#8221;on&#8221; height=&#8221;48px&#8221; custom_css_main_element=&#8221;width:88%!important;||margin: -1.5% auto 0 auto !important;||max-width:100%!important;||padding-right:0 !important;||height:48px !important;&#8221; global_colors_info=&#8221;{}&#8221; button_text_size__hover_enabled=&#8221;off&#8221; button_one_text_size__hover_enabled=&#8221;off&#8221; button_two_text_size__hover_enabled=&#8221;off&#8221; button_text_color__hover_enabled=&#8221;off&#8221; button_one_text_color__hover_enabled=&#8221;off&#8221; button_two_text_color__hover_enabled=&#8221;off&#8221; button_border_width__hover_enabled=&#8221;off&#8221; button_one_border_width__hover_enabled=&#8221;off&#8221; button_two_border_width__hover_enabled=&#8221;off&#8221; button_border_color__hover_enabled=&#8221;off&#8221; button_one_border_color__hover_enabled=&#8221;off&#8221; button_two_border_color__hover_enabled=&#8221;off&#8221; button_border_radius__hover_enabled=&#8221;off&#8221; button_one_border_radius__hover_enabled=&#8221;off&#8221; button_two_border_radius__hover_enabled=&#8221;off&#8221; button_letter_spacing__hover_enabled=&#8221;off&#8221; button_one_letter_spacing__hover_enabled=&#8221;off&#8221; button_two_letter_spacing__hover_enabled=&#8221;off&#8221; button_bg_color__hover_enabled=&#8221;off&#8221; button_one_bg_color__hover_enabled=&#8221;off&#8221; button_two_bg_color__hover_enabled=&#8221;off&#8221; custom_css_main_element_last_edited=&#8221;on|tablet&#8221; custom_css_main_element_tablet=&#8221;width:84%!important;||margin: -1.5% auto 0 auto !important;||max-width:100%!important;||padding-right:0 !important;||height:48px !important;&#8221; custom_css_main_element_phone=&#8221;width:84%!important;||margin: -1.5% auto 0 auto !important;||max-width:100%!important;||padding-right:0 !important;||height:48px !important;&#8221;][\/et_pb_contact_field][\/et_pb_contact_form][et_pb_contact_form captcha=&#8221;off&#8221; email=&#8221;info@sevenseaswater.com&#8221; success_message=&#8221;Thank you! Your submission has been received.&#8221; disabled_on=&#8221;off|on|on&#8221; admin_label=&#8221;Mobile Contact&#8221; module_class=&#8221;mobile-contact&#8221; _builder_version=&#8221;4.17.4&#8243; _module_preset=&#8221;default&#8221; _unique_id=&#8221;1f734daf-9cea-4fc6-8a53-ea83540ff8e2&#8243; form_field_background_color=&#8221;#f7f7f7&#8243; custom_button=&#8221;on&#8221; button_bg_color=&#8221;#0071a6&#8243; button_border_color=&#8221;#0071a6&#8243; button_border_radius=&#8221;48px&#8221; button_use_icon=&#8221;off&#8221; button_custom_padding=&#8221;0.2em|1em|0.2em|1em|true|true&#8221; custom_css_main_element=&#8221;width:100%;||margin:0 auto 0 auto !important;||float:left;||Clear: none !important;||height:48px !important;&#8221; custom_css_contact_button=&#8221;height:48px !important;||width:100% !important;||max-width:100% !important;||float:none;||display:inline-block;&#8221; border_radii=&#8221;off|56px|||56px&#8221; border_width_all=&#8221;1px&#8221; border_color_all=&#8221;#c9c9c9&#8243; global_colors_info=&#8221;{}&#8221; button_bg_color__hover_enabled=&#8221;on|hover&#8221; button_bg_color__hover=&#8221;#001648&#8243; button_bg_enable_color__hover=&#8221;on&#8221; button_border_color__hover_enabled=&#8221;on|hover&#8221; button_border_color__hover=&#8221;#001648&#8243;][et_pb_contact_field field_id=&#8221;Email&#8221; field_title=&#8221;Email Address&#8221; field_type=&#8221;email&#8221; _builder_version=&#8221;4.17.3&#8243; background_color=&#8221;rgba(0,0,0,0)&#8221; background_enable_color=&#8221;on&#8221; height=&#8221;48px&#8221; border_radii=&#8221;on|56px|56px|56px|56px&#8221; global_colors_info=&#8221;{}&#8221; button_text_size__hover_enabled=&#8221;off&#8221; button_one_text_size__hover_enabled=&#8221;off&#8221; button_two_text_size__hover_enabled=&#8221;off&#8221; button_text_color__hover_enabled=&#8221;off&#8221; button_one_text_color__hover_enabled=&#8221;off&#8221; button_two_text_color__hover_enabled=&#8221;off&#8221; button_border_width__hover_enabled=&#8221;off&#8221; button_one_border_width__hover_enabled=&#8221;off&#8221; button_two_border_width__hover_enabled=&#8221;off&#8221; button_border_color__hover_enabled=&#8221;off&#8221; button_one_border_color__hover_enabled=&#8221;off&#8221; button_two_border_color__hover_enabled=&#8221;off&#8221; button_border_radius__hover_enabled=&#8221;off&#8221; button_one_border_radius__hover_enabled=&#8221;off&#8221; button_two_border_radius__hover_enabled=&#8221;off&#8221; button_letter_spacing__hover_enabled=&#8221;off&#8221; button_one_letter_spacing__hover_enabled=&#8221;off&#8221; button_two_letter_spacing__hover_enabled=&#8221;off&#8221; button_bg_color__hover_enabled=&#8221;off&#8221; button_one_bg_color__hover_enabled=&#8221;off&#8221; button_two_bg_color__hover_enabled=&#8221;off&#8221;][\/et_pb_contact_field][\/et_pb_contact_form][\/et_pb_column][\/et_pb_row][\/et_pb_section]<\/p>\n","protected":false},"excerpt":{"rendered":"<p>Gracias por comunicarse con Seven Seas Water Group<\/p>\n","protected":false},"author":5,"featured_media":0,"parent":0,"menu_order":0,"comment_status":"closed","ping_status":"closed","template":"","meta":{"_et_pb_use_builder":"on","_et_pb_old_content":"","_et_gb_content_width":"","_relevanssi_hide_post":"","_relevanssi_hide_content":"","_relevanssi_pin_for_all":"","_relevanssi_pin_keywords":"","_relevanssi_unpin_keywords":"","_relevanssi_related_keywords":"","_relevanssi_related_include_ids":"","_relevanssi_related_exclude_ids":"","_relevanssi_related_no_append":"","_relevanssi_related_not_related":"","_relevanssi_related_posts":"","_relevanssi_noindex_reason":"Yoast SEO Relevanssi index exclude","footnotes":"","_links_to":"","_links_to_target":""},"class_list":["post-6803","page","type-page","status-publish","hentry"],"yoast_head":"<!-- This site is optimized with the Yoast SEO plugin v27.3 - https:\/\/yoast.com\/product\/yoast-seo-wordpress\/ -->\n<title>\u00a1Gracias por ponerse en contacto con Seven Seas! | Seven Seas Water Group<\/title>\n<meta name=\"description\" content=\"Gracias por comunicarse con Seven Seas Water Group\" \/>\n<meta name=\"robots\" content=\"noindex, nofollow\" \/>\n<meta property=\"og:locale\" content=\"es_ES\" \/>\n<meta property=\"og:type\" content=\"article\" \/>\n<meta property=\"og:title\" content=\"\u00a1Gracias por ponerse en contacto con Seven Seas!\" \/>\n<meta property=\"og:description\" content=\"Gracias por comunicarse con Seven Seas Water Group\" \/>\n<meta property=\"og:url\" content=\"https:\/\/sevenseaswater.com\/es\/gracias-contacto\/\" \/>\n<meta property=\"og:site_name\" content=\"Seven Seas Water Corporation\" \/>\n<meta property=\"article:publisher\" content=\"https:\/\/www.facebook.com\/7SeasWAAS\" \/>\n<meta property=\"article:modified_time\" content=\"2025-06-25T15:53:16+00:00\" \/>\n<meta property=\"og:image\" content=\"https:\/\/sevenseaswater.com\/wp-content\/uploads\/2022\/05\/Seven-Seas-Logo.png\" \/>\n\t<meta property=\"og:image:width\" content=\"1500\" \/>\n\t<meta property=\"og:image:height\" content=\"612\" \/>\n\t<meta property=\"og:image:type\" content=\"image\/png\" \/>\n<meta name=\"twitter:card\" content=\"summary_large_image\" \/>\n<meta name=\"twitter:title\" content=\"\u00a1Gracias por ponerse en contacto con Seven Seas!\" \/>\n<meta name=\"twitter:description\" content=\"Gracias por comunicarse con Seven Seas Water Group\" \/>\n<meta name=\"twitter:site\" content=\"@7SeasWaterGroup\" \/>\n<meta name=\"twitter:label1\" content=\"Tiempo de lectura\" \/>\n\t<meta name=\"twitter:data1\" content=\"4 minutos\" \/>\n<script type=\"application\/ld+json\" class=\"yoast-schema-graph\">{\"@context\":\"https:\\\/\\\/schema.org\",\"@graph\":[{\"@type\":\"WebPage\",\"@id\":\"https:\\\/\\\/sevenseaswater.com\\\/es\\\/gracias-contacto\\\/\",\"url\":\"https:\\\/\\\/sevenseaswater.com\\\/es\\\/gracias-contacto\\\/\",\"name\":\"\u00a1Gracias por ponerse en contacto con Seven Seas! | Seven Seas Water Group\",\"isPartOf\":{\"@id\":\"https:\\\/\\\/sevenseaswater.com\\\/es\\\/#website\"},\"datePublished\":\"2022-05-14T02:49:26+00:00\",\"dateModified\":\"2025-06-25T15:53:16+00:00\",\"description\":\"Gracias por comunicarse con Seven Seas Water Group\",\"breadcrumb\":{\"@id\":\"https:\\\/\\\/sevenseaswater.com\\\/es\\\/gracias-contacto\\\/#breadcrumb\"},\"inLanguage\":\"es\",\"potentialAction\":[{\"@type\":\"ReadAction\",\"target\":[\"https:\\\/\\\/sevenseaswater.com\\\/es\\\/gracias-contacto\\\/\"]}]},{\"@type\":\"BreadcrumbList\",\"@id\":\"https:\\\/\\\/sevenseaswater.com\\\/es\\\/gracias-contacto\\\/#breadcrumb\",\"itemListElement\":[{\"@type\":\"ListItem\",\"position\":1,\"name\":\"Home\",\"item\":\"https:\\\/\\\/sevenseaswater.com\\\/es\\\/\"},{\"@type\":\"ListItem\",\"position\":2,\"name\":\"\u00a1Gracias por ponerse en contacto con Seven Seas!\"}]},{\"@type\":\"WebSite\",\"@id\":\"https:\\\/\\\/sevenseaswater.com\\\/es\\\/#website\",\"url\":\"https:\\\/\\\/sevenseaswater.com\\\/es\\\/\",\"name\":\"Seven Seas Water Corporation\",\"description\":\"\",\"publisher\":{\"@id\":\"https:\\\/\\\/sevenseaswater.com\\\/es\\\/#organization\"},\"potentialAction\":[{\"@type\":\"SearchAction\",\"target\":{\"@type\":\"EntryPoint\",\"urlTemplate\":\"https:\\\/\\\/sevenseaswater.com\\\/es\\\/?s={search_term_string}\"},\"query-input\":{\"@type\":\"PropertyValueSpecification\",\"valueRequired\":true,\"valueName\":\"search_term_string\"}}],\"inLanguage\":\"es\"},{\"@type\":\"Organization\",\"@id\":\"https:\\\/\\\/sevenseaswater.com\\\/es\\\/#organization\",\"name\":\"Seven Seas Water Group\",\"url\":\"https:\\\/\\\/sevenseaswater.com\\\/es\\\/\",\"logo\":{\"@type\":\"ImageObject\",\"inLanguage\":\"es\",\"@id\":\"https:\\\/\\\/sevenseaswater.com\\\/es\\\/#\\\/schema\\\/logo\\\/image\\\/\",\"url\":\"https:\\\/\\\/sevenseaswater.com\\\/wp-content\\\/uploads\\\/2022\\\/05\\\/Seven-Seas-Footer-Logo.svg\",\"contentUrl\":\"https:\\\/\\\/sevenseaswater.com\\\/wp-content\\\/uploads\\\/2022\\\/05\\\/Seven-Seas-Footer-Logo.svg\",\"width\":360,\"height\":146,\"caption\":\"Seven Seas Water Group\"},\"image\":{\"@id\":\"https:\\\/\\\/sevenseaswater.com\\\/es\\\/#\\\/schema\\\/logo\\\/image\\\/\"},\"sameAs\":[\"https:\\\/\\\/www.facebook.com\\\/7SeasWAAS\",\"https:\\\/\\\/x.com\\\/7SeasWaterGroup\",\"https:\\\/\\\/www.linkedin.com\\\/company\\\/seven-seas-water\\\/\",\"https:\\\/\\\/www.youtube.com\\\/channel\\\/UC4wL_UFXWeXypGUGTjUwrlA\"]}]}<\/script>\n<!-- \/ Yoast SEO plugin. -->","yoast_head_json":{"title":"\u00a1Gracias por ponerse en contacto con Seven Seas! | Seven Seas Water Group","description":"Gracias por comunicarse con Seven Seas Water Group","robots":{"index":"noindex","follow":"nofollow"},"og_locale":"es_ES","og_type":"article","og_title":"\u00a1Gracias por ponerse en contacto con Seven Seas!","og_description":"Gracias por comunicarse con Seven Seas Water Group","og_url":"https:\/\/sevenseaswater.com\/es\/gracias-contacto\/","og_site_name":"Seven Seas Water Corporation","article_publisher":"https:\/\/www.facebook.com\/7SeasWAAS","article_modified_time":"2025-06-25T15:53:16+00:00","og_image":[{"width":1500,"height":612,"url":"https:\/\/sevenseaswater.com\/wp-content\/uploads\/2022\/05\/Seven-Seas-Logo.png","type":"image\/png"}],"twitter_card":"summary_large_image","twitter_title":"\u00a1Gracias por ponerse en contacto con Seven Seas!","twitter_description":"Gracias por comunicarse con Seven Seas Water Group","twitter_site":"@7SeasWaterGroup","twitter_misc":{"Tiempo de lectura":"4 minutos"},"schema":{"@context":"https:\/\/schema.org","@graph":[{"@type":"WebPage","@id":"https:\/\/sevenseaswater.com\/es\/gracias-contacto\/","url":"https:\/\/sevenseaswater.com\/es\/gracias-contacto\/","name":"\u00a1Gracias por ponerse en contacto con Seven Seas! | Seven Seas Water Group","isPartOf":{"@id":"https:\/\/sevenseaswater.com\/es\/#website"},"datePublished":"2022-05-14T02:49:26+00:00","dateModified":"2025-06-25T15:53:16+00:00","description":"Gracias por comunicarse con Seven Seas Water Group","breadcrumb":{"@id":"https:\/\/sevenseaswater.com\/es\/gracias-contacto\/#breadcrumb"},"inLanguage":"es","potentialAction":[{"@type":"ReadAction","target":["https:\/\/sevenseaswater.com\/es\/gracias-contacto\/"]}]},{"@type":"BreadcrumbList","@id":"https:\/\/sevenseaswater.com\/es\/gracias-contacto\/#breadcrumb","itemListElement":[{"@type":"ListItem","position":1,"name":"Home","item":"https:\/\/sevenseaswater.com\/es\/"},{"@type":"ListItem","position":2,"name":"\u00a1Gracias por ponerse en contacto con Seven Seas!"}]},{"@type":"WebSite","@id":"https:\/\/sevenseaswater.com\/es\/#website","url":"https:\/\/sevenseaswater.com\/es\/","name":"Seven Seas Water Corporation","description":"","publisher":{"@id":"https:\/\/sevenseaswater.com\/es\/#organization"},"potentialAction":[{"@type":"SearchAction","target":{"@type":"EntryPoint","urlTemplate":"https:\/\/sevenseaswater.com\/es\/?s={search_term_string}"},"query-input":{"@type":"PropertyValueSpecification","valueRequired":true,"valueName":"search_term_string"}}],"inLanguage":"es"},{"@type":"Organization","@id":"https:\/\/sevenseaswater.com\/es\/#organization","name":"Seven Seas Water Group","url":"https:\/\/sevenseaswater.com\/es\/","logo":{"@type":"ImageObject","inLanguage":"es","@id":"https:\/\/sevenseaswater.com\/es\/#\/schema\/logo\/image\/","url":"https:\/\/sevenseaswater.com\/wp-content\/uploads\/2022\/05\/Seven-Seas-Footer-Logo.svg","contentUrl":"https:\/\/sevenseaswater.com\/wp-content\/uploads\/2022\/05\/Seven-Seas-Footer-Logo.svg","width":360,"height":146,"caption":"Seven Seas Water Group"},"image":{"@id":"https:\/\/sevenseaswater.com\/es\/#\/schema\/logo\/image\/"},"sameAs":["https:\/\/www.facebook.com\/7SeasWAAS","https:\/\/x.com\/7SeasWaterGroup","https:\/\/www.linkedin.com\/company\/seven-seas-water\/","https:\/\/www.youtube.com\/channel\/UC4wL_UFXWeXypGUGTjUwrlA"]}]}},"jetpack_sharing_enabled":true,"_links":{"self":[{"href":"https:\/\/sevenseaswater.com\/es\/wp-json\/wp\/v2\/pages\/6803","targetHints":{"allow":["GET"]}}],"collection":[{"href":"https:\/\/sevenseaswater.com\/es\/wp-json\/wp\/v2\/pages"}],"about":[{"href":"https:\/\/sevenseaswater.com\/es\/wp-json\/wp\/v2\/types\/page"}],"author":[{"embeddable":true,"href":"https:\/\/sevenseaswater.com\/es\/wp-json\/wp\/v2\/users\/5"}],"replies":[{"embeddable":true,"href":"https:\/\/sevenseaswater.com\/es\/wp-json\/wp\/v2\/comments?post=6803"}],"version-history":[{"count":9,"href":"https:\/\/sevenseaswater.com\/es\/wp-json\/wp\/v2\/pages\/6803\/revisions"}],"predecessor-version":[{"id":14594,"href":"https:\/\/sevenseaswater.com\/es\/wp-json\/wp\/v2\/pages\/6803\/revisions\/14594"}],"wp:attachment":[{"href":"https:\/\/sevenseaswater.com\/es\/wp-json\/wp\/v2\/media?parent=6803"}],"curies":[{"name":"wp","href":"https:\/\/api.w.org\/{rel}","templated":true}]}}